{"id":40,"date":"2021-03-24T22:09:23","date_gmt":"2021-03-24T21:09:23","guid":{"rendered":"http:\/\/157.90.225.32\/?page_id=40"},"modified":"2022-11-14T06:33:41","modified_gmt":"2022-11-14T05:33:41","slug":"startseite","status":"publish","type":"page","link":"https:\/\/pieczka.com\/","title":{"rendered":"Startseite"},"content":{"rendered":"\t\t<div data-elementor-type=\"wp-page\" data-elementor-id=\"40\" class=\"elementor elementor-40\">\n\t\t\t\t\t\t<section class=\"elementor-section elementor-top-section elementor-element elementor-element-5433cf1 elementor-section-boxed elementor-section-height-default elementor-section-height-default\" data-id=\"5433cf1\" data-element_type=\"section\" data-e-type=\"section\">\n\t\t\t\t\t\t<div class=\"elementor-container elementor-column-gap-default\">\n\t\t\t\t\t<div class=\"elementor-column elementor-col-100 elementor-top-column elementor-element elementor-element-14dde84\" data-id=\"14dde84\" data-element_type=\"column\" data-e-type=\"column\">\n\t\t\t<div class=\"elementor-widget-wrap elementor-element-populated\">\n\t\t\t\t\t\t<div class=\"elementor-element elementor-element-c70be30 elementor-widget elementor-widget-spacer\" data-id=\"c70be30\" data-element_type=\"widget\" data-e-type=\"widget\" data-widget_type=\"spacer.default\">\n\t\t\t\t<div class=\"elementor-widget-container\">\n\t\t\t\t\t\t\t<div class=\"elementor-spacer\">\n\t\t\t<div class=\"elementor-spacer-inner\"><\/div>\n\t\t<\/div>\n\t\t\t\t\t\t<\/div>\n\t\t\t\t<\/div>\n\t\t\t\t\t<\/div>\n\t\t<\/div>\n\t\t\t\t\t<\/div>\n\t\t<\/section>\n\t\t\t\t<section class=\"elementor-section elementor-top-section elementor-element elementor-element-58bc7d5 elementor-section-boxed elementor-section-height-default elementor-section-height-default\" data-id=\"58bc7d5\" data-element_type=\"section\" data-e-type=\"section\">\n\t\t\t\t\t\t<div class=\"elementor-container elementor-column-gap-default\">\n\t\t\t\t\t<div class=\"elementor-column elementor-col-66 elementor-top-column elementor-element elementor-element-2646fef\" data-id=\"2646fef\" data-element_type=\"column\" data-e-type=\"column\">\n\t\t\t<div class=\"elementor-widget-wrap elementor-element-populated\">\n\t\t\t\t\t\t<div class=\"elementor-element elementor-element-6910eba elementor-widget elementor-widget-heading\" data-id=\"6910eba\" data-element_type=\"widget\" data-e-type=\"widget\" data-widget_type=\"heading.default\">\n\t\t\t\t<div class=\"elementor-widget-container\">\n\t\t\t\t\t<h2 class=\"elementor-heading-title elementor-size-default\">Herzlich Wilkommen<\/h2>\t\t\t\t<\/div>\n\t\t\t\t<\/div>\n\t\t\t\t<div class=\"elementor-element elementor-element-0ab8004 elementor-widget elementor-widget-text-editor\" data-id=\"0ab8004\" data-element_type=\"widget\" data-e-type=\"widget\" data-widget_type=\"text-editor.default\">\n\t\t\t\t<div class=\"elementor-widget-container\">\n\t\t\t\t\t\t\t\t\t<p><span>Wir freuen uns ganz herzlich Sie auf unserer Webseite begr\u00fc\u00dfen zu d\u00fcrfen.<\/span><span><\/span><\/p>\n<p><span>Die Rechtsanwaltskanzlei wurde Anfang 1997 von den Rechtsanw\u00e4lten&nbsp;<\/span><span><\/span><span>Frau Andrea Pieczka und Herrn Stan Pieczka gegr\u00fcndet.<\/span><\/p>\n<p><span><\/span><span>Die Kanzlei wird als Allgemeinkanzlei gef\u00fchrt, d.h. sie k\u00f6nnen grunds\u00e4tzlich mit jedem juristischen Problem zu uns kommen.<\/span><\/p>\n<p><span><\/span><span>Im Laufe der Kanzleit\u00e4tigkeit haben sich jedoch im Wesentlichen folgende T\u00e4tigkeitsschwerpunkte entwickelt:<br><\/span><span><\/span><span><br>Arbeitsrecht, Familienrecht, Verkehrsrecht, Ordnungswidrigkeitenrecht, Strafrecht, Wirtschaftsrecht, Zivilrecht<\/span><\/p>\n<p>Nach telefonischer Anmeldung beraten wir sie gerne in entspannter und angenehmer Atmosph\u00e4re.<\/p>\n<p><\/p>\n<p style=\"text-align: center;\"><span><\/span><span><br><\/span><span><strong><u>Rechtsanwaltskanzlei Pieczka<\/u><\/strong><br><\/span><span>Goethestr. 4a, 59423 Unna<br><\/span><span><\/span><span>Termine nur nach Vereinbarung !<br><\/span><span><\/span><span>Termine k\u00f6nnen innerhalb der B\u00fcrozeiten telefonisch vereinbart werden<br><\/span><span><\/span><span>Tel.: (02303) 5878104<\/span><\/p>\n<p style=\"text-align: center;\"><span><\/span><span><u><strong>B\u00fcrozeiten:<\/strong><br><\/u><\/span><span><\/span><span>Montag &#8211; Donnerstag 10.00 \u2013 16.00 Uhr<\/span><\/p>\t\t\t\t\t\t\t\t<\/div>\n\t\t\t\t<\/div>\n\t\t\t\t<div class=\"elementor-element elementor-element-4fa51c6 elementor-widget elementor-widget-image\" data-id=\"4fa51c6\" data-element_type=\"widget\" data-e-type=\"widget\" data-widget_type=\"image.default\">\n\t\t\t\t<div class=\"elementor-widget-container\">\n\t\t\t\t\t\t\t\t\t\t\t\t\t\t\t<img fetchpriority=\"high\" decoding=\"async\" width=\"941\" height=\"410\" src=\"https:\/\/pieczka.com\/wp-content\/uploads\/2022\/11\/Screenshot_20221114_063128.png\" class=\"attachment-full size-full wp-image-223\" alt=\"Kartenscreenshot Rechtsanwaltskanzlei\" srcset=\"https:\/\/pieczka.com\/wp-content\/uploads\/2022\/11\/Screenshot_20221114_063128.png 941w, https:\/\/pieczka.com\/wp-content\/uploads\/2022\/11\/Screenshot_20221114_063128-300x131.png 300w, https:\/\/pieczka.com\/wp-content\/uploads\/2022\/11\/Screenshot_20221114_063128-768x335.png 768w, https:\/\/pieczka.com\/wp-content\/uploads\/2022\/11\/Screenshot_20221114_063128-18x8.png 18w\" sizes=\"(max-width: 941px) 100vw, 941px\" \/>\t\t\t\t\t\t\t\t\t\t\t\t\t\t\t<\/div>\n\t\t\t\t<\/div>\n\t\t\t\t\t<\/div>\n\t\t<\/div>\n\t\t\t\t<div class=\"elementor-column elementor-col-33 elementor-top-column elementor-element elementor-element-ad8e07a\" data-id=\"ad8e07a\" data-element_type=\"column\" data-e-type=\"column\">\n\t\t\t<div class=\"elementor-widget-wrap elementor-element-populated\">\n\t\t\t\t\t\t<div class=\"elementor-element elementor-element-9c8b950 elementor-widget elementor-widget-image\" data-id=\"9c8b950\" data-element_type=\"widget\" data-e-type=\"widget\" data-widget_type=\"image.default\">\n\t\t\t\t<div class=\"elementor-widget-container\">\n\t\t\t\t\t\t\t\t\t\t\t\t<figure class=\"wp-caption\">\n\t\t\t\t\t\t\t\t\t\t<img decoding=\"async\" width=\"205\" height=\"297\" src=\"https:\/\/pieczka.com\/wp-content\/uploads\/2021\/03\/andrea.jpg\" class=\"attachment-large size-large wp-image-44\" alt=\"\" \/>\t\t\t\t\t\t\t\t\t\t\t<figcaption class=\"widget-image-caption wp-caption-text\">Rechtsanw\u00e4ltin<br>Andrea Pieczka<\/figcaption>\n\t\t\t\t\t\t\t\t\t\t<\/figure>\n\t\t\t\t\t\t\t\t\t<\/div>\n\t\t\t\t<\/div>\n\t\t\t\t<div class=\"elementor-element elementor-element-1252aac elementor-widget elementor-widget-image\" data-id=\"1252aac\" data-element_type=\"widget\" data-e-type=\"widget\" data-widget_type=\"image.default\">\n\t\t\t\t<div class=\"elementor-widget-container\">\n\t\t\t\t\t\t\t\t\t\t\t\t<figure class=\"wp-caption\">\n\t\t\t\t\t\t\t\t\t\t<img decoding=\"async\" width=\"200\" height=\"265\" src=\"https:\/\/pieczka.com\/wp-content\/uploads\/2021\/03\/stan.jpg\" class=\"attachment-large size-large wp-image-45\" alt=\"\" \/>\t\t\t\t\t\t\t\t\t\t\t<figcaption class=\"widget-image-caption wp-caption-text\">Rechtsanwalt<br>Stan Pieczka<\/figcaption>\n\t\t\t\t\t\t\t\t\t\t<\/figure>\n\t\t\t\t\t\t\t\t\t<\/div>\n\t\t\t\t<\/div>\n\t\t\t\t\t<\/div>\n\t\t<\/div>\n\t\t\t\t\t<\/div>\n\t\t<\/section>\n\t\t\t\t<\/div>\n\t\t","protected":false},"excerpt":{"rendered":"<p>Herzlich Wilkommen Wir freuen uns ganz herzlich Sie auf unserer Webseite begr\u00fc\u00dfen zu d\u00fcrfen. Die Rechtsanwaltskanzlei wurde Anfang 1997 von den Rechtsanw\u00e4lten&nbsp;Frau Andrea Pieczka und Herrn Stan Pieczka gegr\u00fcndet. Die Kanzlei wird als Allgemeinkanzlei gef\u00fchrt, d.h. sie k\u00f6nnen grunds\u00e4tzlich mit jedem juristischen Problem zu uns kommen. Im Laufe der Kanzleit\u00e4tigkeit [&hellip;]<\/p>\n","protected":false},"author":1,"featured_media":0,"parent":0,"menu_order":0,"comment_status":"closed","ping_status":"closed","template":"elementor_theme","meta":{"footnotes":""},"class_list":["post-40","page","type-page","status-publish","hentry"],"_links":{"self":[{"href":"https:\/\/pieczka.com\/index.php\/wp-json\/wp\/v2\/pages\/40","targetHints":{"allow":["GET"]}}],"collection":[{"href":"https:\/\/pieczka.com\/index.php\/wp-json\/wp\/v2\/pages"}],"about":[{"href":"https:\/\/pieczka.com\/index.php\/wp-json\/wp\/v2\/types\/page"}],"author":[{"embeddable":true,"href":"https:\/\/pieczka.com\/index.php\/wp-json\/wp\/v2\/users\/1"}],"replies":[{"embeddable":true,"href":"https:\/\/pieczka.com\/index.php\/wp-json\/wp\/v2\/comments?post=40"}],"version-history":[{"count":23,"href":"https:\/\/pieczka.com\/index.php\/wp-json\/wp\/v2\/pages\/40\/revisions"}],"predecessor-version":[{"id":226,"href":"https:\/\/pieczka.com\/index.php\/wp-json\/wp\/v2\/pages\/40\/revisions\/226"}],"wp:attachment":[{"href":"https:\/\/pieczka.com\/index.php\/wp-json\/wp\/v2\/media?parent=40"}],"curies":[{"name":"wp","href":"https:\/\/api.w.org\/{rel}","templated":true}]}}