{"id":15,"date":"2021-03-24T22:04:48","date_gmt":"2021-03-24T21:04:48","guid":{"rendered":"http:\/\/157.90.225.32\/?page_id=15"},"modified":"2021-03-25T21:02:13","modified_gmt":"2021-03-25T20:02:13","slug":"stan-pieczka","status":"publish","type":"page","link":"https:\/\/pieczka.com\/index.php\/stan-pieczka\/","title":{"rendered":"Stan Pieczka"},"content":{"rendered":"\t\t<div data-elementor-type=\"wp-page\" data-elementor-id=\"15\" class=\"elementor elementor-15\">\n\t\t\t\t\t\t<section class=\"elementor-section elementor-top-section elementor-element elementor-element-b577d6b elementor-section-boxed elementor-section-height-default elementor-section-height-default\" data-id=\"b577d6b\" data-element_type=\"section\" data-e-type=\"section\">\n\t\t\t\t\t\t<div class=\"elementor-container elementor-column-gap-default\">\n\t\t\t\t\t<div class=\"elementor-column elementor-col-100 elementor-top-column elementor-element elementor-element-da336f7\" data-id=\"da336f7\" data-element_type=\"column\" data-e-type=\"column\">\n\t\t\t<div class=\"elementor-widget-wrap elementor-element-populated\">\n\t\t\t\t\t\t<div class=\"elementor-element elementor-element-ea4c6ab elementor-widget elementor-widget-spacer\" data-id=\"ea4c6ab\" data-element_type=\"widget\" data-e-type=\"widget\" data-widget_type=\"spacer.default\">\n\t\t\t\t<div class=\"elementor-widget-container\">\n\t\t\t\t\t\t\t<div class=\"elementor-spacer\">\n\t\t\t<div class=\"elementor-spacer-inner\"><\/div>\n\t\t<\/div>\n\t\t\t\t\t\t<\/div>\n\t\t\t\t<\/div>\n\t\t\t\t\t<\/div>\n\t\t<\/div>\n\t\t\t\t\t<\/div>\n\t\t<\/section>\n\t\t\t\t<section class=\"elementor-section elementor-top-section elementor-element elementor-element-838d400 elementor-section-boxed elementor-section-height-default elementor-section-height-default\" data-id=\"838d400\" data-element_type=\"section\" data-e-type=\"section\">\n\t\t\t\t\t\t<div class=\"elementor-container elementor-column-gap-default\">\n\t\t\t\t\t<div class=\"elementor-column elementor-col-66 elementor-top-column elementor-element elementor-element-38d36a4\" data-id=\"38d36a4\" data-element_type=\"column\" data-e-type=\"column\">\n\t\t\t<div class=\"elementor-widget-wrap elementor-element-populated\">\n\t\t\t\t\t\t<div class=\"elementor-element elementor-element-517329a elementor-widget elementor-widget-text-editor\" data-id=\"517329a\" data-element_type=\"widget\" data-e-type=\"widget\" data-widget_type=\"text-editor.default\">\n\t\t\t\t<div class=\"elementor-widget-container\">\n\t\t\t\t\t\t\t\t\t<p><span style=\"font-variant-numeric: normal; font-variant-east-asian: normal; font-weight: bold; font-stretch: normal; font-size: 22px; line-height: normal; font-family: Times-Bold; color: #6b6b6b;\"><u>Rechtsanwalt<br \/><br \/><\/u><\/span><span style=\"font-variant-numeric: normal; font-variant-east-asian: normal; font-stretch: normal; font-size: 12px; line-height: normal; font-family: Times-Roman; color: #6b6b6b;\"><\/span><span style=\"font-variant-numeric: normal; font-variant-east-asian: normal; font-stretch: normal; font-size: 15px; line-height: normal; font-family: Arial, Verdana, Helvetica, sans-serif; color: #6b6b6b;\">Stan Pieczka ist seit 1997 als Rechtsanwalt t\u00e4tig und besch\u00e4ftigt sich im Wesentlichen mit den Bereichen Arbeitsrecht, Familienrecht, Verkehrsrecht, Ordnungs-widrigkeitsrecht, Strafrecht, Wirtschaftsrecht und Zivilrecht.<br \/><\/span><span style=\"font-variant-numeric: normal; font-variant-east-asian: normal; font-stretch: normal; font-size: 15px; line-height: normal; font-family: Times-Roman; color: #6b6b6b;\"><\/span><span style=\"font-variant-numeric: normal; font-variant-east-asian: normal; font-stretch: normal; font-size: 15px; line-height: normal; font-family: Arial, Verdana, Helvetica, sans-serif; color: #6b6b6b;\">Im strafrechtlichen Bereich hat er im Jahr 2001 seinen Titel zum Fachanwalt erlangt.<br \/><\/span><span style=\"font-variant-numeric: normal; font-variant-east-asian: normal; font-stretch: normal; font-size: 15px; line-height: normal; font-family: Times-Roman; color: #6b6b6b;\"><\/span><span style=\"font-variant-numeric: normal; font-variant-east-asian: normal; font-stretch: normal; font-size: 15px; line-height: normal; font-family: Arial, Verdana, Helvetica, sans-serif; color: #6b6b6b;\">Rechtsanwalt Stan Pieczka ist zugleich staatlich anerkannter und gerichtlich erm\u00e4chtigter Dolmetscher und \u00dcbersetzer der polnischen Sprache.<br \/><\/span><span style=\"font-variant-numeric: normal; font-variant-east-asian: normal; font-stretch: normal; font-size: 15px; line-height: normal; font-family: Times-Roman; color: #6b6b6b;\"><\/span><span style=\"font-variant-numeric: normal; font-variant-east-asian: normal; font-stretch: normal; font-size: 15px; line-height: normal; font-family: Arial, Verdana, Helvetica, sans-serif; color: #6b6b6b;\">Das gibt ihm die M\u00f6glichkeit seine Beratungsgespr\u00e4che je nach Wunsch der Mandanten wahlweise in deutscher oder polnischer Sprache zu f\u00fchren.<br \/><\/span><span style=\"font-variant-numeric: normal; font-variant-east-asian: normal; font-stretch: normal; font-size: 15px; line-height: normal; font-family: Times-Roman; color: #6b6b6b;\"><\/span><span style=\"font-variant-numeric: normal; font-variant-east-asian: normal; font-stretch: normal; font-size: 15px; line-height: normal; font-family: Arial, Verdana, Helvetica, sans-serif; color: #6b6b6b;\">Die Beratung kann ebenfalls in russischer Sprache erfolgen.<br \/><\/span><span style=\"font-variant-numeric: normal; font-variant-east-asian: normal; font-stretch: normal; font-size: 15px; line-height: normal; font-family: Times-Roman; color: #6b6b6b;\"><\/span><span style=\"font-variant-numeric: normal; font-variant-east-asian: normal; font-stretch: normal; font-size: 12px; line-height: normal; font-family: Arial, Verdana, Helvetica, sans-serif; color: #6b6b6b;\"><br \/><br \/><\/span><span style=\"font-variant-numeric: normal; font-variant-east-asian: normal; font-weight: bold; font-stretch: normal; font-size: 22px; line-height: normal; font-family: Times-Bold; color: #6b6b6b;\"><u>Fachanwalt f\u00fcr Strafrecht<br \/><\/u><\/span><span style=\"font-variant-numeric: normal; font-variant-east-asian: normal; font-stretch: normal; font-size: 12px; line-height: normal; font-family: Times-Roman; color: #6b6b6b;\"><\/span><span style=\"font-variant-numeric: normal; font-variant-east-asian: normal; font-stretch: normal; font-size: 15px; line-height: normal; font-family: Arial, Verdana, Helvetica, sans-serif; color: #6b6b6b;\">Rechtsanwalt Stan Pieczka wurde im Jahre 2001 von dem Vorstand der Rechtsanwaltskammer f\u00fcr den Oberlandesgerichtsbezirk Hamm die Berechtigung zuerkannt neben der Berufsbezeichnung als Rechtsanwalt die Bezeichnung Fachanwalt f\u00fcr Strafrecht zu f\u00fchren.<br \/><\/span><span style=\"font-variant-numeric: normal; font-variant-east-asian: normal; font-stretch: normal; font-size: 15px; line-height: normal; font-family: Times-Roman; color: #6b6b6b;\"><\/span><span style=\"font-variant-numeric: normal; font-variant-east-asian: normal; font-stretch: normal; font-size: 15px; line-height: normal; font-family: Arial, Verdana, Helvetica, sans-serif; color: #6b6b6b;\">Die Erlangung des Titels \u201eFachanwalt f\u00fcr Strafrecht\u201c erforderte eine zus\u00e4tzliche Ausbildung mit besonderen theoretischen und praktischen Kenntnissen auf dem Gebiet des Strafrechts.<br \/><\/span><span style=\"font-variant-numeric: normal; font-variant-east-asian: normal; font-stretch: normal; font-size: 15px; line-height: normal; font-family: Times-Roman; color: #6b6b6b;\"><\/span><span style=\"font-variant-numeric: normal; font-variant-east-asian: normal; font-stretch: normal; font-size: 15px; line-height: normal; font-family: Arial, Verdana, Helvetica, sans-serif; color: #6b6b6b;\">Die Mandanten k\u00f6nnen bei Rechtsanwalt Stan Pieczka als Fachanwalt nicht nur auf seine umfassenden theoretischen Kenntnisse, sondern auch auf seine jahrelangen praktischen Erfahrungen im Bereich Strafrecht zur\u00fcckgreifen.<br \/><\/span><span style=\"font-variant-numeric: normal; font-variant-east-asian: normal; font-stretch: normal; font-size: 15px; line-height: normal; font-family: Times-Roman; color: #6b6b6b;\"><br \/><br \/><\/span><span style=\"font-variant-numeric: normal; font-variant-east-asian: normal; font-stretch: normal; font-size: 12px; line-height: normal; font-family: Arial, Verdana, Helvetica, sans-serif; color: #6b6b6b;\"><\/span><span style=\"font-variant-numeric: normal; font-variant-east-asian: normal; font-weight: bold; font-stretch: normal; font-size: 22px; line-height: normal; font-family: Times-Bold; color: #6b6b6b;\"><u>Vereidigter Dolmetscher &amp; Erm\u00e4chtigter \u00dcbersetzer<br \/><\/u><\/span><span style=\"font-variant-numeric: normal; font-variant-east-asian: normal; font-stretch: normal; font-size: 12px; line-height: normal; font-family: Times-Roman; color: #6b6b6b;\"><\/span><span style=\"font-variant-numeric: normal; font-variant-east-asian: normal; font-stretch: normal; font-size: 15px; line-height: normal; font-family: Arial, Verdana, Helvetica, sans-serif; color: #6b6b6b;\">Rechtsanwalt Stan Pieczka ist vereidigter Dolmetscher &amp; erm\u00e4chtigter \u00dcbersetzter der polnischen Sprache.<\/span><span style=\"font-variant-numeric: normal; font-variant-east-asian: normal; font-stretch: normal; font-size: 17px; line-height: normal; font-family: Arial, Verdana, Helvetica, sans-serif; color: #6b6b6b;\"><br \/><\/span><span style=\"font-variant-numeric: normal; font-variant-east-asian: normal; font-stretch: normal; font-size: 15px; line-height: normal; font-family: Arial, Verdana, Helvetica, sans-serif; color: #6b6b6b;\">Stan Pieczka ist bereits seit 1989 staatlich anerkannt und gerichtlich erm\u00e4chtigt von einfachen Urkunden bis zu hochgradig spezialisierten Texten alles zu \u00fcbersetzen.<br \/><\/span><span style=\"font-variant-numeric: normal; font-variant-east-asian: normal; font-stretch: normal; font-size: 15px; line-height: normal; font-family: Times-Roman; color: #6b6b6b;\"><\/span><span style=\"font-variant-numeric: normal; font-variant-east-asian: normal; font-stretch: normal; font-size: 15px; line-height: normal; font-family: Arial, Verdana, Helvetica, sans-serif; color: #6b6b6b;\">Die Spezialisierung liegt insbesondere im Bereich rechtswissenschaftlicher und wirtschaftlicher \u00dcbersetzungst\u00e4tigkeit.<\/span><span style=\"font-variant-numeric: normal; font-variant-east-asian: normal; font-stretch: normal; font-size: 15px; line-height: normal; font-family: Times-Roman; color: #6b6b6b;\">\u00a0<\/span><span style=\"font-variant-numeric: normal; font-variant-east-asian: normal; font-stretch: normal; font-size: 15px; line-height: normal; font-family: Arial, Verdana, Helvetica, sans-serif; color: #6b6b6b;\">Seine Dolmetscherleistungen wurden bislang von namhaften deutschen und polnischen Wirtschaftsunternehmen beansprucht.<\/span><\/p>\t\t\t\t\t\t\t\t<\/div>\n\t\t\t\t<\/div>\n\t\t\t\t\t<\/div>\n\t\t<\/div>\n\t\t\t\t<div class=\"elementor-column elementor-col-33 elementor-top-column elementor-element elementor-element-d6563ad\" data-id=\"d6563ad\" data-element_type=\"column\" data-e-type=\"column\">\n\t\t\t<div class=\"elementor-widget-wrap elementor-element-populated\">\n\t\t\t\t\t\t<div class=\"elementor-element elementor-element-a03ec23 elementor-widget elementor-widget-image\" data-id=\"a03ec23\" data-element_type=\"widget\" data-e-type=\"widget\" data-widget_type=\"image.default\">\n\t\t\t\t<div class=\"elementor-widget-container\">\n\t\t\t\t\t\t\t\t\t\t\t\t<figure class=\"wp-caption\">\n\t\t\t\t\t\t\t\t\t\t<img fetchpriority=\"high\" decoding=\"async\" width=\"200\" height=\"265\" src=\"https:\/\/pieczka.com\/wp-content\/uploads\/2021\/03\/stan.jpg\" class=\"attachment-large size-large wp-image-45\" alt=\"\" \/>\t\t\t\t\t\t\t\t\t\t\t<figcaption class=\"widget-image-caption wp-caption-text\">Stan Pieczka<br><a href=\"mailto:stan@pieczka.com\">stan@pieczka.com<\/a><\/figcaption>\n\t\t\t\t\t\t\t\t\t\t<\/figure>\n\t\t\t\t\t\t\t\t\t<\/div>\n\t\t\t\t<\/div>\n\t\t\t\t\t<\/div>\n\t\t<\/div>\n\t\t\t\t\t<\/div>\n\t\t<\/section>\n\t\t\t\t<\/div>\n\t\t","protected":false},"excerpt":{"rendered":"<p>Rechtsanwalt Stan Pieczka ist seit 1997 als Rechtsanwalt t\u00e4tig und besch\u00e4ftigt sich im Wesentlichen mit den Bereichen Arbeitsrecht, Familienrecht, Verkehrsrecht, Ordnungs-widrigkeitsrecht, Strafrecht, Wirtschaftsrecht und Zivilrecht. Im strafrechtlichen Bereich hat er im Jahr 2001 seinen Titel zum Fachanwalt erlangt. Rechtsanwalt Stan Pieczka ist zugleich staatlich anerkannter und gerichtlich erm\u00e4chtigter Dolmetscher und [&hellip;]<\/p>\n","protected":false},"author":1,"featured_media":0,"parent":0,"menu_order":0,"comment_status":"closed","ping_status":"closed","template":"","meta":{"footnotes":""},"class_list":["post-15","page","type-page","status-publish","hentry"],"_links":{"self":[{"href":"https:\/\/pieczka.com\/index.php\/wp-json\/wp\/v2\/pages\/15","targetHints":{"allow":["GET"]}}],"collection":[{"href":"https:\/\/pieczka.com\/index.php\/wp-json\/wp\/v2\/pages"}],"about":[{"href":"https:\/\/pieczka.com\/index.php\/wp-json\/wp\/v2\/types\/page"}],"author":[{"embeddable":true,"href":"https:\/\/pieczka.com\/index.php\/wp-json\/wp\/v2\/users\/1"}],"replies":[{"embeddable":true,"href":"https:\/\/pieczka.com\/index.php\/wp-json\/wp\/v2\/comments?post=15"}],"version-history":[{"count":5,"href":"https:\/\/pieczka.com\/index.php\/wp-json\/wp\/v2\/pages\/15\/revisions"}],"predecessor-version":[{"id":93,"href":"https:\/\/pieczka.com\/index.php\/wp-json\/wp\/v2\/pages\/15\/revisions\/93"}],"wp:attachment":[{"href":"https:\/\/pieczka.com\/index.php\/wp-json\/wp\/v2\/media?parent=15"}],"curies":[{"name":"wp","href":"https:\/\/api.w.org\/{rel}","templated":true}]}}