{"id":138,"date":"2021-03-25T21:50:39","date_gmt":"2021-03-25T20:50:39","guid":{"rendered":"http:\/\/157.90.225.32\/?page_id=138"},"modified":"2021-04-15T22:38:08","modified_gmt":"2021-04-15T20:38:08","slug":"vollmacht","status":"publish","type":"page","link":"https:\/\/pieczka.com\/index.php\/vollmacht\/","title":{"rendered":"Vollmacht"},"content":{"rendered":"\t\t<div data-elementor-type=\"wp-page\" data-elementor-id=\"138\" class=\"elementor elementor-138\">\n\t\t\t\t\t\t<section class=\"elementor-section elementor-top-section elementor-element elementor-element-9adf7c9 elementor-section-boxed elementor-section-height-default elementor-section-height-default\" data-id=\"9adf7c9\" data-element_type=\"section\" data-e-type=\"section\">\n\t\t\t\t\t\t<div class=\"elementor-container elementor-column-gap-default\">\n\t\t\t\t\t<div class=\"elementor-column elementor-col-100 elementor-top-column elementor-element elementor-element-44a0245\" data-id=\"44a0245\" data-element_type=\"column\" data-e-type=\"column\">\n\t\t\t<div class=\"elementor-widget-wrap elementor-element-populated\">\n\t\t\t\t\t\t<div class=\"elementor-element elementor-element-0c1811a elementor-widget elementor-widget-text-editor\" data-id=\"0c1811a\" data-element_type=\"widget\" data-e-type=\"widget\" data-widget_type=\"text-editor.default\">\n\t\t\t\t<div class=\"elementor-widget-container\">\n\t\t\t\t\t\t\t\t\t<p><span style=\"color: #6b6b6b; font-family: Arial, Verdana, Helvetica, sans-serif;\">Unter folgendem Link finden Sie einen Vordruck f\u00fcr die anwaltliche Vollmacht.<\/span><br style=\"color: #6b6b6b; font-family: Arial, Verdana, Helvetica, sans-serif;\" \/><span style=\"color: #6b6b6b; font-family: Arial, Verdana, Helvetica, sans-serif;\">Dieses Formular k\u00f6nnen Sie ausdrucken, unterschreiben und zum ersten Beratungsgespr\u00e4ch mitbringen.<\/span><\/p>\t\t\t\t\t\t\t\t<\/div>\n\t\t\t\t<\/div>\n\t\t\t\t<div class=\"elementor-element elementor-element-2c38a74 elementor-button-info elementor-align-center elementor-widget elementor-widget-button\" data-id=\"2c38a74\" data-element_type=\"widget\" data-e-type=\"widget\" data-widget_type=\"button.default\">\n\t\t\t\t<div class=\"elementor-widget-container\">\n\t\t\t\t\t\t\t\t\t<div class=\"elementor-button-wrapper\">\n\t\t\t\t\t<a class=\"elementor-button elementor-button-link elementor-size-sm\" href=\"https:\/\/pieczka.com\/wp-content\/uploads\/2021\/03\/Rechtsanwaltskanzlei-Pieczka-Vollmacht-1.pdf\">\n\t\t\t\t\t\t<span class=\"elementor-button-content-wrapper\">\n\t\t\t\t\t\t<span class=\"elementor-button-icon\">\n\t\t\t\t<i aria-hidden=\"true\" class=\"fas fa-file-download\"><\/i>\t\t\t<\/span>\n\t\t\t\t\t\t\t\t\t<span class=\"elementor-button-text\">Download<\/span>\n\t\t\t\t\t<\/span>\n\t\t\t\t\t<\/a>\n\t\t\t\t<\/div>\n\t\t\t\t\t\t\t\t<\/div>\n\t\t\t\t<\/div>\n\t\t\t\t\t<\/div>\n\t\t<\/div>\n\t\t\t\t\t<\/div>\n\t\t<\/section>\n\t\t\t\t<\/div>\n\t\t","protected":false},"excerpt":{"rendered":"<p>Unter folgendem Link finden Sie einen Vordruck f\u00fcr die anwaltliche Vollmacht.Dieses Formular k\u00f6nnen Sie ausdrucken, unterschreiben und zum ersten Beratungsgespr\u00e4ch mitbringen. Download<\/p>\n","protected":false},"author":1,"featured_media":0,"parent":0,"menu_order":0,"comment_status":"closed","ping_status":"closed","template":"","meta":{"footnotes":""},"class_list":["post-138","page","type-page","status-publish","hentry"],"_links":{"self":[{"href":"https:\/\/pieczka.com\/index.php\/wp-json\/wp\/v2\/pages\/138","targetHints":{"allow":["GET"]}}],"collection":[{"href":"https:\/\/pieczka.com\/index.php\/wp-json\/wp\/v2\/pages"}],"about":[{"href":"https:\/\/pieczka.com\/index.php\/wp-json\/wp\/v2\/types\/page"}],"author":[{"embeddable":true,"href":"https:\/\/pieczka.com\/index.php\/wp-json\/wp\/v2\/users\/1"}],"replies":[{"embeddable":true,"href":"https:\/\/pieczka.com\/index.php\/wp-json\/wp\/v2\/comments?post=138"}],"version-history":[{"count":13,"href":"https:\/\/pieczka.com\/index.php\/wp-json\/wp\/v2\/pages\/138\/revisions"}],"predecessor-version":[{"id":192,"href":"https:\/\/pieczka.com\/index.php\/wp-json\/wp\/v2\/pages\/138\/revisions\/192"}],"wp:attachment":[{"href":"https:\/\/pieczka.com\/index.php\/wp-json\/wp\/v2\/media?parent=138"}],"curies":[{"name":"wp","href":"https:\/\/api.w.org\/{rel}","templated":true}]}}