{"id":13,"date":"2021-03-24T22:04:48","date_gmt":"2021-03-24T21:04:48","guid":{"rendered":"http:\/\/157.90.225.32\/?page_id=13"},"modified":"2021-05-11T17:14:38","modified_gmt":"2021-05-11T15:14:38","slug":"rechtsgebiete","status":"publish","type":"page","link":"https:\/\/pieczka.com\/index.php\/rechtsgebiete\/","title":{"rendered":"Rechtsgebiete"},"content":{"rendered":"\t\t<div data-elementor-type=\"wp-page\" data-elementor-id=\"13\" class=\"elementor elementor-13\">\n\t\t\t\t\t\t<section class=\"elementor-section elementor-top-section elementor-element elementor-element-f80d283 elementor-section-boxed elementor-section-height-default elementor-section-height-default\" data-id=\"f80d283\" data-element_type=\"section\" data-e-type=\"section\">\n\t\t\t\t\t\t<div class=\"elementor-container elementor-column-gap-default\">\n\t\t\t\t\t<div class=\"elementor-column elementor-col-100 elementor-top-column elementor-element elementor-element-be715bf\" data-id=\"be715bf\" data-element_type=\"column\" data-e-type=\"column\">\n\t\t\t<div class=\"elementor-widget-wrap\">\n\t\t\t\t\t\t\t<\/div>\n\t\t<\/div>\n\t\t\t\t\t<\/div>\n\t\t<\/section>\n\t\t\t\t<section class=\"elementor-section elementor-top-section elementor-element elementor-element-33d334e elementor-section-boxed elementor-section-height-default elementor-section-height-default\" data-id=\"33d334e\" data-element_type=\"section\" data-e-type=\"section\">\n\t\t\t\t\t\t<div class=\"elementor-container elementor-column-gap-default\">\n\t\t\t\t\t<div class=\"elementor-column elementor-col-100 elementor-top-column elementor-element elementor-element-84056c1\" data-id=\"84056c1\" data-element_type=\"column\" data-e-type=\"column\">\n\t\t\t<div class=\"elementor-widget-wrap elementor-element-populated\">\n\t\t\t\t\t\t<div class=\"elementor-element elementor-element-5b2ac3d elementor-tabs-alignment-stretch elementor-tabs-view-horizontal elementor-widget elementor-widget-tabs\" data-id=\"5b2ac3d\" data-element_type=\"widget\" data-e-type=\"widget\" data-widget_type=\"tabs.default\">\n\t\t\t\t<div class=\"elementor-widget-container\">\n\t\t\t\t\t\t\t<div class=\"elementor-tabs\">\n\t\t\t<div class=\"elementor-tabs-wrapper\" role=\"tablist\" >\n\t\t\t\t\t\t\t\t\t<div id=\"elementor-tab-title-9551\" class=\"elementor-tab-title elementor-tab-desktop-title\" aria-selected=\"true\" data-tab=\"1\" role=\"tab\" tabindex=\"0\" aria-controls=\"elementor-tab-content-9551\" aria-expanded=\"false\"><h4 style=\"font-size:14px;\">STRAFRECHT<\/div>\n\t\t\t\t\t\t\t\t\t<div id=\"elementor-tab-title-9552\" class=\"elementor-tab-title elementor-tab-desktop-title\" aria-selected=\"false\" data-tab=\"2\" role=\"tab\" tabindex=\"-1\" aria-controls=\"elementor-tab-content-9552\" aria-expanded=\"false\"><h4 style=\"font-size:14px;\">FAMILIENRECHT<\/div>\n\t\t\t\t\t\t\t\t\t<div id=\"elementor-tab-title-9553\" class=\"elementor-tab-title elementor-tab-desktop-title\" aria-selected=\"false\" data-tab=\"3\" role=\"tab\" tabindex=\"-1\" aria-controls=\"elementor-tab-content-9553\" aria-expanded=\"false\"><h4 style=\"font-size:14px;\">ARBEITSRECHT<\/div>\n\t\t\t\t\t\t\t\t\t<div id=\"elementor-tab-title-9554\" class=\"elementor-tab-title elementor-tab-desktop-title\" aria-selected=\"false\" data-tab=\"4\" role=\"tab\" tabindex=\"-1\" aria-controls=\"elementor-tab-content-9554\" aria-expanded=\"false\"><h4 style=\"font-size:14px;\">VERKEHRSRECHT<\/div>\n\t\t\t\t\t\t\t<\/div>\n\t\t\t<div class=\"elementor-tabs-content-wrapper\" role=\"tablist\" aria-orientation=\"vertical\">\n\t\t\t\t\t\t\t\t\t<div class=\"elementor-tab-title elementor-tab-mobile-title\" aria-selected=\"true\" data-tab=\"1\" role=\"tab\" tabindex=\"0\" aria-controls=\"elementor-tab-content-9551\" aria-expanded=\"false\"><h4 style=\"font-size:14px;\">STRAFRECHT<\/div>\n\t\t\t\t\t<div id=\"elementor-tab-content-9551\" class=\"elementor-tab-content elementor-clearfix\" data-tab=\"1\" role=\"tabpanel\" aria-labelledby=\"elementor-tab-title-9551\" tabindex=\"0\" hidden=\"false\"><ul><li><span>Allgemeines Strafrecht &amp; Strafprozessrecht<\/span><\/li><li><span>Berufungen &amp; Revisionen in Strafsachen<\/span><span><br \/><\/span><span><\/span><\/li><li><span>Bet\u00e4ubungsmittelstrafrecht<\/span><span><br \/><\/span><span><\/span><\/li><li><span>Pflichtverteidigungen<\/span><span><br \/><\/span><span><\/span><\/li><li><span>Steuerstrafrecht<\/span><\/li><li><span>Strafvollstreckungsrecht<\/span><\/li><li><span>Wirtschaftsstrafrecht<\/span><span><br \/><\/span><span><\/span><\/li><li><span>Internetstrafrecht<\/span><span><br \/><\/span><span><\/span><\/li><li><span>Jugendstrafrecht<\/span><\/li><\/ul><\/div>\n\t\t\t\t\t\t\t\t\t<div class=\"elementor-tab-title elementor-tab-mobile-title\" aria-selected=\"false\" data-tab=\"2\" role=\"tab\" tabindex=\"-1\" aria-controls=\"elementor-tab-content-9552\" aria-expanded=\"false\"><h4 style=\"font-size:14px;\">FAMILIENRECHT<\/div>\n\t\t\t\t\t<div id=\"elementor-tab-content-9552\" class=\"elementor-tab-content elementor-clearfix\" data-tab=\"2\" role=\"tabpanel\" aria-labelledby=\"elementor-tab-title-9552\" tabindex=\"0\" hidden=\"hidden\"><ul>\n \t<li>Mediation<\/li>\n \t<li>Scheidung<\/li>\n \t<li>Trennung<\/li>\n \t<li>Unterhaltsrecht<\/li>\n \t<li>Sorgerecht \/Elterliche Sorge<\/li>\n \t<li>Recht der\nEhewohnung und des Hausrates<\/li>\n \t<li>Eheliches G\u00fcterrecht<\/li>\n \t<li>Ehevertr\u00e4ge<\/li>\n \t<li>Deutschpolnisches Ehe und\n \tFamilienrecht<\/li>\n<\/ul><\/div>\n\t\t\t\t\t\t\t\t\t<div class=\"elementor-tab-title elementor-tab-mobile-title\" aria-selected=\"false\" data-tab=\"3\" role=\"tab\" tabindex=\"-1\" aria-controls=\"elementor-tab-content-9553\" aria-expanded=\"false\"><h4 style=\"font-size:14px;\">ARBEITSRECHT<\/div>\n\t\t\t\t\t<div id=\"elementor-tab-content-9553\" class=\"elementor-tab-content elementor-clearfix\" data-tab=\"3\" role=\"tabpanel\" aria-labelledby=\"elementor-tab-title-9553\" tabindex=\"0\" hidden=\"hidden\"><ul><li>K\u00fcndigung und K\u00fcndigungsschutz<\/li><li>Lohnzahlung bei Leistungshindernissen<\/li><li>Arbeitsvertragsrecht<\/li><li>Abmahnungen<\/li><li>Abfindungen<\/li><li>Mobbing am Arbeitsplatz<\/li><\/ul><\/div>\n\t\t\t\t\t\t\t\t\t<div class=\"elementor-tab-title elementor-tab-mobile-title\" aria-selected=\"false\" data-tab=\"4\" role=\"tab\" tabindex=\"-1\" aria-controls=\"elementor-tab-content-9554\" aria-expanded=\"false\"><h4 style=\"font-size:14px;\">VERKEHRSRECHT<\/div>\n\t\t\t\t\t<div id=\"elementor-tab-content-9554\" class=\"elementor-tab-content elementor-clearfix\" data-tab=\"4\" role=\"tabpanel\" aria-labelledby=\"elementor-tab-title-9554\" tabindex=\"0\" hidden=\"hidden\"><ul>\n \t<li>Unfallregulierungen<\/li>\n \t<li>Verkehrsstrafrecht &amp; Bu\u00dfgeldverordnungen\n \t<li>F\u00fchrerscheinentzug<\/li>\n \t<li>Schmerzensgeld<\/li>\n<\/ul><\/div>\n\t\t\t\t\t\t\t<\/div>\n\t\t<\/div>\n\t\t\t\t\t\t<\/div>\n\t\t\t\t<\/div>\n\t\t\t\t\t<\/div>\n\t\t<\/div>\n\t\t\t\t\t<\/div>\n\t\t<\/section>\n\t\t\t\t<\/div>\n\t\t","protected":false},"excerpt":{"rendered":"<p>STRAFRECHT FAMILIENRECHT ARBEITSRECHT VERKEHRSRECHT STRAFRECHT Allgemeines Strafrecht &amp; Strafprozessrecht Berufungen &amp; Revisionen in Strafsachen Bet\u00e4ubungsmittelstrafrecht Pflichtverteidigungen Steuerstrafrecht Strafvollstreckungsrecht Wirtschaftsstrafrecht Internetstrafrecht Jugendstrafrecht FAMILIENRECHT Mediation Scheidung Trennung Unterhaltsrecht Sorgerecht \/Elterliche Sorge Recht der Ehewohnung und des Hausrates Eheliches G\u00fcterrecht Ehevertr\u00e4ge Deutschpolnisches Ehe und Familienrecht ARBEITSRECHT K\u00fcndigung und K\u00fcndigungsschutz Lohnzahlung bei Leistungshindernissen Arbeitsvertragsrecht [&hellip;]<\/p>\n","protected":false},"author":1,"featured_media":0,"parent":0,"menu_order":0,"comment_status":"closed","ping_status":"closed","template":"","meta":{"footnotes":""},"class_list":["post-13","page","type-page","status-publish","hentry"],"_links":{"self":[{"href":"https:\/\/pieczka.com\/index.php\/wp-json\/wp\/v2\/pages\/13","targetHints":{"allow":["GET"]}}],"collection":[{"href":"https:\/\/pieczka.com\/index.php\/wp-json\/wp\/v2\/pages"}],"about":[{"href":"https:\/\/pieczka.com\/index.php\/wp-json\/wp\/v2\/types\/page"}],"author":[{"embeddable":true,"href":"https:\/\/pieczka.com\/index.php\/wp-json\/wp\/v2\/users\/1"}],"replies":[{"embeddable":true,"href":"https:\/\/pieczka.com\/index.php\/wp-json\/wp\/v2\/comments?post=13"}],"version-history":[{"count":26,"href":"https:\/\/pieczka.com\/index.php\/wp-json\/wp\/v2\/pages\/13\/revisions"}],"predecessor-version":[{"id":206,"href":"https:\/\/pieczka.com\/index.php\/wp-json\/wp\/v2\/pages\/13\/revisions\/206"}],"wp:attachment":[{"href":"https:\/\/pieczka.com\/index.php\/wp-json\/wp\/v2\/media?parent=13"}],"curies":[{"name":"wp","href":"https:\/\/api.w.org\/{rel}","templated":true}]}}